{"id":4277,"date":"2024-10-24T13:27:10","date_gmt":"2024-10-24T16:27:10","guid":{"rendered":"https:\/\/ideker.com.br\/?page_id=4277"},"modified":"2025-02-26T19:45:42","modified_gmt":"2025-02-26T22:45:42","slug":"la-empresa","status":"publish","type":"page","link":"https:\/\/ideker.com.br\/es\/la-empresa\/","title":{"rendered":"La Empresa"},"content":{"rendered":"<div id=\"a-empresa\" class=\"fusion-container-anchor\"><div class=\"fusion-fullwidth fullwidth-box fusion-builder-row-1 fusion-flex-container has-pattern-background has-mask-background fusion-parallax-fixed nonhundred-percent-fullwidth non-hundred-percent-height-scrolling lazyload\" style=\"--awb-border-radius-top-left:0px;--awb-border-radius-top-right:0px;--awb-border-radius-bottom-right:0px;--awb-border-radius-bottom-left:0px;--awb-padding-top:80px;--awb-padding-bottom:50px;--awb-margin-top:50px;--awb-margin-bottom:0px;--awb-background-size:1920px;--awb-flex-wrap:wrap;background-attachment:fixed;\" data-bg=\"https:\/\/ideker.com.br\/wp-content\/uploads\/2024\/08\/grafismo1-fundo4.jpg\" data-fusion-responsive-bg=\"1\" data-bg-small=\"https:\/\/ideker.com.br\/wp-content\/uploads\/2025\/02\/branco.jpg\" ><div class=\"fusion-builder-row fusion-row fusion-flex-align-items-center fusion-flex-content-wrap\" style=\"max-width:1372.8px;margin-left: calc(-4% \/ 2 );margin-right: calc(-4% \/ 2 );\"><div class=\"fusion-layout-column fusion_builder_column fusion-builder-column-0 fusion_builder_column_1_2 1_2 fusion-flex-column\" style=\"--awb-bg-size:cover;--awb-transform:translateX(0px);--awb-transform-hover:translateX(10px);--awb-width-large:50%;--awb-margin-top-large:0px;--awb-spacing-right-large:3.84%;--awb-margin-bottom-large:0px;--awb-spacing-left-large:3.84%;--awb-width-medium:50%;--awb-order-medium:0;--awb-spacing-right-medium:3.84%;--awb-spacing-left-medium:3.84%;--awb-width-small:100%;--awb-order-small:2;--awb-margin-top-small:60px;--awb-spacing-right-small:1.92%;--awb-spacing-left-small:1.92%;\" data-scroll-devices=\"medium-visibility,large-visibility\"><div class=\"fusion-column-wrapper fusion-column-has-shadow fusion-flex-justify-content-flex-start fusion-content-layout-column\"><div class=\"fusion-image-element \" style=\"--awb-caption-title-font-family:var(--h2_typography-font-family);--awb-caption-title-font-weight:var(--h2_typography-font-weight);--awb-caption-title-font-style:var(--h2_typography-font-style);--awb-caption-title-size:var(--h2_typography-font-size);--awb-caption-title-transform:var(--h2_typography-text-transform);--awb-caption-title-line-height:var(--h2_typography-line-height);--awb-caption-title-letter-spacing:var(--h2_typography-letter-spacing);\"><span class=\" fusion-imageframe imageframe-none imageframe-1 hover-type-none\" style=\"border-radius:0px 0px 50px 0px;\"><img decoding=\"async\" width=\"597\" height=\"597\" title=\"ideker-\" src=\"https:\/\/ideker.com.br\/wp-content\/uploads\/2024\/11\/ideker-.jpg\" data-orig-src=\"https:\/\/ideker.com.br\/wp-content\/uploads\/2024\/11\/ideker-.jpg\" alt class=\"lazyload img-responsive wp-image-4128\" srcset=\"data:image\/svg+xml,%3Csvg%20xmlns%3D%27http%3A%2F%2Fwww.w3.org%2F2000%2Fsvg%27%20width%3D%27597%27%20height%3D%27597%27%20viewBox%3D%270%200%20597%20597%27%3E%3Crect%20width%3D%27597%27%20height%3D%27597%27%20fill-opacity%3D%220%22%2F%3E%3C%2Fsvg%3E\" data-srcset=\"https:\/\/ideker.com.br\/wp-content\/uploads\/2024\/11\/ideker--200x200.jpg 200w, https:\/\/ideker.com.br\/wp-content\/uploads\/2024\/11\/ideker--400x400.jpg 400w, https:\/\/ideker.com.br\/wp-content\/uploads\/2024\/11\/ideker-.jpg 597w\" data-sizes=\"auto\" data-orig-sizes=\"(max-width: 850px) 100vw, 597px\" \/><\/span><\/div><\/div><\/div><div class=\"fusion-layout-column fusion_builder_column fusion-builder-column-1 fusion_builder_column_1_2 1_2 fusion-flex-column\" style=\"--awb-padding-left:34px;--awb-padding-right-small:0px;--awb-padding-left-small:0px;--awb-bg-size:cover;--awb-width-large:50%;--awb-margin-top-large:0px;--awb-spacing-right-large:1.152%;--awb-margin-bottom-large:0px;--awb-spacing-left-large:3.84%;--awb-width-medium:50%;--awb-order-medium:0;--awb-spacing-right-medium:1.152%;--awb-spacing-left-medium:3.84%;--awb-width-small:100%;--awb-order-small:1;--awb-spacing-right-small:1.92%;--awb-spacing-left-small:1.92%;\" data-scroll-devices=\"small-visibility,medium-visibility,large-visibility\"><div class=\"fusion-column-wrapper fusion-column-has-shadow fusion-flex-justify-content-flex-start fusion-content-layout-column\"><div class=\"fusion-text fusion-text-1 fusion-text-no-margin\" style=\"--awb-font-size:19px;--awb-text-transform:none;--awb-text-color:var(--awb-color5);--awb-margin-bottom:0px;\"><p>Quienes somos<\/p>\n<\/div><div class=\"fusion-separator\" style=\"align-self: flex-start;margin-right:auto;width:100%;max-width:80px;\"><div class=\"fusion-separator-border sep-single sep-dotted\" style=\"--awb-height:20px;--awb-amount:20px;--awb-sep-color:var(--awb-color4);border-color:var(--awb-color4);border-top-width:1px;\"><\/div><\/div><div class=\"fusion-title title fusion-title-1 fusion-sep-none fusion-title-text fusion-title-size-two\" style=\"--awb-margin-top:20px;--awb-font-size:40px;\"><h2 class=\"fusion-title-heading title-heading-left\" style=\"margin:0;font-size:1em;text-transform:none;\">Empresa de comercio exterior en el mercado del mueble.<\/h2><\/div><div class=\"fusion-text fusion-text-2\" style=\"--awb-margin-top:15px;\"><p><strong>Nuestra jornada comenz\u00f3 hace m\u00e1s de dos d\u00e9cadas<\/strong> y, desde entonces, hemos exportado m\u00e1s de 10.000 contenedores a diferentes pa\u00edses, una conquista que refleja nuestro compromiso y dedicaci\u00f3n.<\/p>\n<p>Somos conscientes de los desaf\u00edos que enfrentan nuestros clientes, especialmente en el comercio electr\u00f3nico, donde comentarios negativos pueden tener un impacto significativo. Nuestro objetivo es evitar este tipo de situaciones <strong>garantizando que nuestros socios tengan acceso a productos de alta calidad y entregas puntuales<\/strong>.<\/p>\n<p>Reconocemos las frustraciones que pueden surgir cuando los productos no est\u00e1n disponibles en stock en tiempo h\u00e1bil. Esta es una realidad que estamos comprometidos a afrontar, buscando siempre optimizar nuestros procesos para servir mejor a nuestros clientes.<\/p>\n<p><strong>Creemos que, al elegir trabajar con nosotros, nuestros clientes tienen la oportunidad de ampliar sus oportunidades en Brasil y en el comercio exterior.<\/strong><\/p>\n<p>\u00a1Hable con uno de nuestros especialistas y lleve su negocio a un nuevo nivel mundial!<\/p>\n<\/div><\/div><\/div><\/div><\/div><\/div>\n","protected":false},"excerpt":{"rendered":"","protected":false},"author":1,"featured_media":0,"parent":0,"menu_order":0,"comment_status":"closed","ping_status":"closed","template":"100-width.php","meta":{"footnotes":""},"class_list":["post-4277","page","type-page","status-publish","hentry"],"_links":{"self":[{"href":"https:\/\/ideker.com.br\/es\/wp-json\/wp\/v2\/pages\/4277","targetHints":{"allow":["GET"]}}],"collection":[{"href":"https:\/\/ideker.com.br\/es\/wp-json\/wp\/v2\/pages"}],"about":[{"href":"https:\/\/ideker.com.br\/es\/wp-json\/wp\/v2\/types\/page"}],"author":[{"embeddable":true,"href":"https:\/\/ideker.com.br\/es\/wp-json\/wp\/v2\/users\/1"}],"replies":[{"embeddable":true,"href":"https:\/\/ideker.com.br\/es\/wp-json\/wp\/v2\/comments?post=4277"}],"version-history":[{"count":3,"href":"https:\/\/ideker.com.br\/es\/wp-json\/wp\/v2\/pages\/4277\/revisions"}],"predecessor-version":[{"id":4450,"href":"https:\/\/ideker.com.br\/es\/wp-json\/wp\/v2\/pages\/4277\/revisions\/4450"}],"wp:attachment":[{"href":"https:\/\/ideker.com.br\/es\/wp-json\/wp\/v2\/media?parent=4277"}],"curies":[{"name":"wp","href":"https:\/\/api.w.org\/{rel}","templated":true}]}}